{"id":8240,"date":"2025-05-03T02:08:03","date_gmt":"2025-05-02T23:08:03","guid":{"rendered":"https:\/\/www.swissapproval.com.tr\/cookie-policy\/"},"modified":"2025-11-27T13:36:05","modified_gmt":"2025-11-27T10:36:05","slug":"cookie-policy","status":"publish","type":"page","link":"https:\/\/swissexpert.com.tr\/industrial\/cookie-policy\/","title":{"rendered":"Cookie policy"},"content":{"rendered":"<p>Bu \u00e7erez politikas\u0131 ile \u00e7erezlerin ve \u00e7erez benzeri teknolojilerin ne oldu\u011funu, bizim ve di\u011fer hizmet sa\u011flay\u0131c\u0131lar\u0131n bunlar\u0131 bu web sitesinde nas\u0131l kulland\u0131\u011f\u0131m\u0131z\u0131, hangi bilgileri toplad\u0131klar\u0131n\u0131, ne kadar s\u00fcreyle ve hangi ama\u00e7larla kulland\u0131\u011f\u0131m\u0131z\u0131 a\u00e7\u0131klamak istiyoruz.<\/p><h2>\u0130\u00e7indekiler tablosu<\/h2><ul><li><a href=\"#controller-of-the-website\">Web sitesinin kontrol\u00f6r\u00fc<\/a><\/li><li><a href=\"#diff-to-privacy-policy\">Gizlilik politikas\u0131na ekleme<\/a><\/li><li><a href=\"#cookie-technology\">\u00c7erezler ve benzer teknolojiler nelerdir?<\/a><\/li><li><a href=\"#legal-basis\">\u00c7erezleri ayarlamak\/okumak i\u00e7in yasal dayanak nedir?<\/a><\/li><li><a href=\"#rights-of-visitor\">Web sitesi ziyaret\u00e7isinin ne gibi haklar\u0131 vard\u0131r?<\/a><\/li><li><a href=\"#manage-cookies\">How to manage cookies in a browser?<\/a><\/li><li><a href=\"#types-of-cookies\">Ne t\u00fcr \u00e7erezler vard\u0131r?<\/a><\/li><li><a href=\"#cookies-origin\">Bu web sitesinde \u00e7erezleri kimler ayarlayabilir?<\/a><\/li><li><a href=\"#list-of-services\">Bu web sitesinde hangi \u00e7erezler kullan\u0131l\u0131yor?<\/a><\/li><\/ul><h2 id=\"controller-of-the-website\">Web sitesinin kontrol\u00f6r\u00fc<\/h2><ul><li><strong>Sa\u011flay\u0131c\u0131: <\/strong>Esenyal\u0131, Yanyol Cd. Varyap Plaza No:61\/140, 34903\u00a0Pendik\/\u0130stanbul, Turkey<\/li><li><strong>Email: <\/strong><a target=\"_blank\" href=\"mailto:info@swissapproval.tr\">info@swissapproval.tr<\/a><\/li><li><strong>Phone: <\/strong><a target=\"_blank\" href=\"tel:02167064017\">02167064017<\/a><\/li><li><strong>Contact form: <\/strong><a target=\"_blank\" href=\"https:\/\/swissexpert.com.tr\/industrial\/contact\/\">swissexpert.com.tr\/industrial\/contact\/<\/a><\/li><\/ul><h2 id=\"diff-to-privacy-policy\">Gizlilik politikas\u0131na ekleme<\/h2><p>Bu \u00e7erez politikas\u0131, bu web sitesinin <a href=\"https:\/\/swissexpert.com.tr\/industrial\/sustainability\/\" target=\"_blank\">gizlilik politikas\u0131na<\/a> bir ektir. \u00c7erez politikas\u0131, bir web sitesinin \u00e7erezleri nas\u0131l kulland\u0131\u011f\u0131n\u0131 ve bunlar arac\u0131l\u0131\u011f\u0131yla hangi verileri toplad\u0131\u011f\u0131n\u0131 belirtirken, gizlilik politikas\u0131 web sitesindeki ve \u00f6tesindeki t\u00fcm veri i\u015fleme faaliyetlerine daha kapsaml\u0131 bir genel bak\u0131\u015f niteli\u011findedir.<\/p><h2 id=\"cookie-technology\">\u00c7erezler ve benzer teknolojiler nelerdir?<\/h2><p>\u00c7erezler, son cihazda saklanabilen ve okunabilen metin dosyalar\u0131na benzer k\u00fc\u00e7\u00fck bilgi par\u00e7alar\u0131d\u0131r. Web sitesinin temel i\u015flevlerini s\u00fcrd\u00fcrmek, g\u00fcvenlik ve gizlilik, web sitesinin iste\u011fe ba\u011fl\u0131 i\u015flevlerini sa\u011flamak, ziyaret\u00e7i ak\u0131\u015flar\u0131 hakk\u0131nda istatistiksel veri toplamak ve pazarlama sistemleri sa\u011flamak gibi \u00e7e\u015fitli ama\u00e7lara hizmet ederler. \u00c7erezlerde nelerin saklanabilece\u011fine dair pratik \u00f6rnekler, kullan\u0131c\u0131 hesaplar\u0131nda oturum a\u00e7ma durumunun saklanmas\u0131, e-ticaret platformlar\u0131nda al\u0131\u015fveri\u015f sepetlerinin i\u00e7eri\u011fi veya web sitesindeki davran\u0131\u015f\u0131 izlemek i\u00e7in bir kullan\u0131c\u0131 kimli\u011fidir.<br \/><br \/>Bilgiler teknik olarak \u00e7e\u015fitli \u015fekillerde saklanabilir. Bunun en bilinen \u00f6rnekleri HTTP \u00e7erezleri ve yerel depolama, oturum depolama veya IndexedDB gibi \u00e7erez benzeri teknolojilerdir. Her depolama t\u00fcr\u00fc, teknik kullan\u0131m\u0131, eri\u015filebilirli\u011fi ve bilgiye eri\u015fmeye yetkili denetleyicileri belirleyen farkl\u0131 \u00f6zelliklere sahiptir. T\u00fcm bu depolama t\u00fcrleri genellikle \u201c\u00e7erezler\u201d terimi alt\u0131nda \u00f6zetlenir ve bu nedenle bu \u00e7erez politikas\u0131nda bu \u015fekilde adland\u0131r\u0131l\u0131r.<\/p><h2 id=\"legal-basis\">\u00c7erezleri ayarlamak\/okumak i\u00e7in yasal dayanak nedir?<\/h2><p>Avrupa Birli\u011fi (AB) ve Avrupa Ekonomik Alan\u0131'nda (AEA) \u00e7erezlerin ayarlanmas\u0131 ve okunmas\u0131na Art. 5 (3) ePrivacy Directive and Recital 66 ePrivacy Directive uyar\u0131nca yaln\u0131zca bir kullan\u0131c\u0131n\u0131n i\u015flemin ama\u00e7lar\u0131 hakk\u0131nda kapsaml\u0131 bilgi temelinde onay vermesi durumunda izin verilir. Web sitesi operat\u00f6r\u00fc, kullan\u0131c\u0131 olarak size a\u00e7\u0131k\u00e7a talep edilen hizmeti sa\u011flamak i\u00e7in kesinlikle gerekli olmalar\u0131 halinde \u00e7erezleri de ayarlayabilir, \u00f6rne\u011fin bu web sitesinin temel i\u00e7eri\u011fi veya web sitesinin temel i\u015flevselli\u011finin izniniz olmadan size g\u00f6sterilmesi i\u00e7in kesinlikle gerekli olan di\u011fer \u00e7erezler.<br \/><br \/>\u0130svi\u00e7re'de \u00e7erezlerin ayarlanmas\u0131 ve okunmas\u0131, Madde 45c (b) FMG'ye (Fernmeldegesetz) uygundur. 45c (b) FMG (Fernmeldegesetz) uyar\u0131nca yaln\u0131zca bir kullan\u0131c\u0131n\u0131n verilerin i\u015flenmesinin ama\u00e7lar\u0131 hakk\u0131nda kapsaml\u0131 bilgi temelinde verilerin i\u015flenmesine itiraz etme se\u00e7ene\u011fine sahip olmas\u0131 durumunda izin verilir. \u0130stisnai durumlarda, \u0130svi\u00e7re'deki \u00e7erezlerde ki\u015fisel verilerin i\u015flenmesi i\u00e7in onay al\u0131nmal\u0131d\u0131r.<\/p><h2 id=\"rights-of-visitor\">Web sitesi ziyaret\u00e7isinin ne gibi haklar\u0131 vard\u0131r?<\/h2><p>Hizmetler ve \u00e7erezleri, r\u0131zan\u0131z\u0131n veya me\u015fru menfaatinizin yasal dayana\u011f\u0131na g\u00f6re ayarlanabilir ve okunabilir. Bu web sitesini ilk ziyaret etti\u011finizde, sizden onay\u0131n\u0131z istendi ve belirli hizmetlerin kullan\u0131m\u0131na itiraz etme f\u0131rsat\u0131n\u0131z oldu. Onay ileti\u015fim kutumuzda hangi hizmet i\u00e7in hangi yasal dayana\u011f\u0131n kullan\u0131ld\u0131\u011f\u0131n\u0131 a\u00e7\u0131klad\u0131k.<br \/><br \/>Kararlar\u0131n\u0131z\u0131n ge\u00e7mi\u015fini g\u00f6r\u00fcnt\u00fcleme, gizlilik ayarlar\u0131n\u0131z\u0131 de\u011fi\u015ftirme, hizmetlerin kullan\u0131m\u0131na itiraz etme ve onay\u0131n\u0131z\u0131 istedi\u011finiz zaman iptal etme hakk\u0131na sahipsiniz. A\u015fa\u011f\u0131da haklar\u0131n\u0131z\u0131 kullanma olanaklar\u0131n\u0131 bulabilirsiniz:<br \/><br \/>Please provide a `type` attribute in your shortcode. Allowed: history,revoke,change!<br \/>Please provide a `type` attribute in your shortcode. Allowed: history,revoke,change!<br \/>Please provide a `type` attribute in your shortcode. Allowed: history,revoke,change!<\/p><h2 id=\"manage-cookies\">How to manage cookies in a browser?<\/h2><p>Bir taray\u0131c\u0131da \u00e7erezler nas\u0131l kald\u0131r\u0131l\u0131r: \u00c7erezleri cihaz\u0131n\u0131zdan kald\u0131rmak i\u00e7in taray\u0131c\u0131n\u0131z\u0131n ayarlar\u0131ndan tarama verilerini temizleyebilirsiniz. Bu i\u015flem, ziyaret etti\u011finiz t\u00fcm web sitelerindeki t\u00fcm \u00e7erezleri, muhtemelen kay\u0131tl\u0131 giri\u015f bilgileri ve site tercihleri de dahil olmak \u00fczere kald\u0131racakt\u0131r. Baz\u0131 taray\u0131c\u0131larda, t\u00fcm tarama ge\u00e7mi\u015fini silmeden sadece \u00e7erezleri ve benzer verileri silebilirsiniz.<br \/>Bir taray\u0131c\u0131da \u00e7erezler nas\u0131l kontrol edilir: Belirli web sitelerine \u00f6zg\u00fc \u00e7erezler \u00fczerinde daha ayr\u0131nt\u0131l\u0131 kontrol i\u00e7in, kulland\u0131\u011f\u0131n\u0131z taray\u0131c\u0131daki gizlilik ve \u00e7erez ayarlar\u0131na gidin. Burada, tek tek sitelerin \u00e7erez kullan\u0131m\u0131yla ilgili tercihleri ayarlayabilirsiniz.<br \/>Bir taray\u0131c\u0131da \u00e7erezler nas\u0131l engellenir: \u00c7o\u011fu modern taray\u0131c\u0131n\u0131n ayarlar\u0131n\u0131, cihaz\u0131n\u0131za t\u00fcm \u00e7erezlerin yerle\u015ftirilmesini engelleyecek \u015fekilde yap\u0131land\u0131rmak m\u00fcmk\u00fcnd\u00fcr. Ancak \u00e7erezlerin engellenmesi, kullan\u0131c\u0131 olarak oturum a\u00e7ma gibi belirli hizmetlerin ve i\u015flevlerin d\u00fczg\u00fcn \u00e7al\u0131\u015fmamas\u0131na neden olabilir. Ayr\u0131ca, web sitelerinde \u00e7erezlerin ayarlanmas\u0131n\u0131 engelleyebilen bir\u00e7ok taray\u0131c\u0131 i\u00e7in uzant\u0131lar da kullanabilirsiniz.<br \/>Bu web sitesindeki \u00e7erezler nas\u0131l y\u00f6netilir? Bu web sitesindeki \u00e7erezlerle ilgili tercihlerinizi uyarlamak i\u00e7in, \u201cWeb sitesi ziyaret\u00e7isinin haklar\u0131\u201d b\u00f6l\u00fcm\u00fcndeki ba\u011flant\u0131ya t\u0131klayarak tercihlerinizi istedi\u011finiz zaman de\u011fi\u015ftirebilirsiniz.<br \/><br \/>\u00c7erezlerin kullan\u0131m\u0131 hakk\u0131nda daha fazla bilgiyi devowl.io\/rcb\/cookie-handling\/ adresinde bulabilirsiniz.<\/p><h2 id=\"types-of-cookies\">Ne t\u00fcr \u00e7erezler vard\u0131r?<\/h2><p>Temel \u00e7erezler, bir web sitesinin temel i\u015flevselli\u011fi i\u00e7in vazge\u00e7ilmezdir ve oturum a\u00e7ma bilgilerinin kaydedilmesi veya sitenin g\u00fcvenli alanlar\u0131na eri\u015fim gibi i\u015flevleri sa\u011flar. Bunlar, \u00f6rne\u011fin, bir \u00e7erezde bir kimlik do\u011frulama anahtar\u0131 depolayarak web sitesinde istenmeyen bir botu tan\u0131mlayabilen g\u00fcvenlik \u00e7erezlerini i\u00e7erir.<br \/>\u0130\u015flevsel \u00e7erezler, web sitesinin dil ayarlar\u0131 veya g\u00f6r\u00fcn\u00fcm ayarlar\u0131 gibi bilgi ve tercihleri depolayarak kullan\u0131c\u0131 deneyimini iyile\u015ftirir ve ki\u015fiselle\u015ftirilmesini sa\u011flar. Bu, \u00f6rne\u011fin, bir web sitesinde kullan\u0131c\u0131n\u0131n tercih etti\u011fi video kalitesini saklayan tercih \u00e7erezlerini i\u00e7erir.<br \/>\u0130statistik \u00e7erezleri, kullan\u0131c\u0131 davran\u0131\u015f\u0131 hakk\u0131nda bilgi edinmek ve sitenin performans\u0131n\u0131 optimize etmek i\u00e7in bir web sitesinin kullan\u0131m\u0131 hakk\u0131nda veri toplar. Bu, \u00f6rne\u011fin, web sitesinin bir alt sayfas\u0131n\u0131 ziyaret edip etmedi\u011finizi belirlemeyi m\u00fcmk\u00fcn k\u0131lan rastgele atanm\u0131\u015f bir kullan\u0131c\u0131 kimli\u011fini i\u00e7erir.<br \/>Pazarlama \u00e7erezleri, farkl\u0131 web sitelerindeki kullan\u0131c\u0131 davran\u0131\u015flar\u0131n\u0131 izlemek ve kullan\u0131c\u0131lar\u0131n ilgi alanlar\u0131na ve gezinme davran\u0131\u015flar\u0131na g\u00f6re ki\u015fiselle\u015ftirilmi\u015f reklamlar g\u00f6r\u00fcnt\u00fclemek i\u00e7in kullan\u0131l\u0131r. Bu, \u00f6rne\u011fin, web sitesindeki bir reklamla etkile\u015fimi saklayan ve bunu reklamverenlere ileten reklam \u00e7erezlerini veya sat\u0131\u015f \u00f6ncesi sorular ve m\u00fc\u015fteri deste\u011fi i\u00e7in bir sohbet sistemini i\u00e7erir.<\/p><h2 id=\"cookies-origin\">Bu web sitesinde \u00e7erezleri kimler ayarlayabilir?<\/h2><p>Bu web sitesinde, hem web sitesinin operat\u00f6r\u00fc hem de bu web sitesinde kullan\u0131lan \u00fc\u00e7\u00fcnc\u00fc taraf hizmetleri \u00e7erezleri ayarlayabilir ve i\u00e7eri\u011fine eri\u015febilir. Kimin hangi \u00e7erezlere ve i\u00e7eriklerine eri\u015febilece\u011fi birinci taraf ve \u00fc\u00e7\u00fcnc\u00fc taraf \u00e7erezleri aras\u0131nda farkl\u0131l\u0131k g\u00f6sterir. Birinci taraf \u00e7erezleri ziyaret edilen web sitesi taraf\u0131ndan olu\u015fturulur ve yaln\u0131zca web sitesi operat\u00f6r\u00fc ve bu web sitesindeki entegre \u00fc\u00e7\u00fcnc\u00fc taraf hizmetleri taraf\u0131ndan okunabilir. \u00dc\u00e7\u00fcnc\u00fc taraf \u00e7erezleri genellikle di\u011fer alan adlar\u0131ndaki \u00fc\u00e7\u00fcnc\u00fc taraf hizmetleri taraf\u0131ndan olu\u015fturulur, alan ad\u0131n\u0131 kontrol eden hizmetin g\u00f6m\u00fcl\u00fc oldu\u011fu t\u00fcm web sitelerinde okunabilir ve \u00f6rne\u011fin reklam a\u011flar\u0131 taraf\u0131ndan farkl\u0131 web sitelerindeki kullan\u0131c\u0131 davran\u0131\u015flar\u0131n\u0131 izlemek ve ki\u015fiselle\u015ftirilmi\u015f reklamlar sunmak i\u00e7in kullan\u0131l\u0131r.<\/p><h2 id=\"list-of-services\">Bu web sitesinde hangi \u00e7erezler kullan\u0131l\u0131yor?<\/h2><script type=\"application\/json\">{\"search\":{\"placeholder\":\"Search...\"},\"sort\":{\"sortAsc\":\"Sort column ascending\",\"sortDesc\":\"Sort column descending\"},\"pagination\":{\"previous\":\"Previous\",\"next\":\"Next\",\"navigate\":\"Page %1$d of %2$d\",\"page\":\"Page %d\",\"showing\":\"Showing\",\"of\":\"of\",\"to\":\"to\",\"results\":\"results\"},\"noRecordsFound\":\"No matching records found\"}<\/script><table data-gridjs-dark-mode class=\"devowl-wp-react-cookie-banner-cookie-policy\"><thead><tr><th width=\"200px\" scope=\"col\">Category<\/th><th width=\"400px\" scope=\"col\">Technical cookie name<\/th><th width=\"400px\" scope=\"col\">Technical cookie host<\/th><th width=\"400px\" scope=\"col\">Service<\/th><th width=\"250px\" scope=\"col\">S\u00fcre<\/th><th width=\"200px\" scope=\"col\">T\u00fcr\u00fc<\/th><th width=\"550px\" scope=\"col\">Ama\u00e7<\/th><\/tr><\/thead><tbody><tr><td>Essential<\/td><td>real_cookie_banner*<\/td><td>.com.tr<\/td><td>Real Cookie Banner<\/td><td>365 g\u00fcnler<\/td><td>HTTP Cookie<\/td><td>Unique identifier for the consent, but not for the website visitor. Revision hash for settings of cookie banner (texts, colors, features, service groups, services, content blockers etc.). IDs for consented services and service groups.<\/td><\/tr><tr><td>Essential<\/td><td>real_cookie_banner*-tcf<\/td><td>.com.tr<\/td><td>Real Cookie Banner<\/td><td>365 g\u00fcnler<\/td><td>HTTP Cookie<\/td><td>Consents collected under TCF stored in TC String format, including TCF vendors, purposes, special purposes, features, and special features.<\/td><\/tr><tr><td>Essential<\/td><td>real_cookie_banner*-gcm<\/td><td>.com.tr<\/td><td>Real Cookie Banner<\/td><td>365 g\u00fcnler<\/td><td>HTTP Cookie<\/td><td>Consents into consent types (purposes)  collected under Google Consent Mode stored for all Google Consent Mode compatible services.<\/td><\/tr><tr><td>Essential<\/td><td>real_cookie_banner-test<\/td><td>.com.tr<\/td><td>Real Cookie Banner<\/td><td>365 g\u00fcnler<\/td><td>HTTP Cookie<\/td><td>Cookie set to test HTTP cookie functionality. Deleted immediately after test.<\/td><\/tr><tr><td>Essential<\/td><td>real_cookie_banner*<\/td><td>https:\/\/swissexpert.com.tr\/industrial<\/td><td>Real Cookie Banner<\/td><td>-<\/td><td>Local Storage<\/td><td>Unique identifier for the consent, but not for the website visitor. Revision hash for settings of cookie banner (texts, colors, features, service groups, services, content blockers etc.). IDs for consented services and service groups. Is only stored until consent is documented on the website server.<\/td><\/tr><tr><td>Essential<\/td><td>real_cookie_banner*-tcf<\/td><td>https:\/\/swissexpert.com.tr\/industrial<\/td><td>Real Cookie Banner<\/td><td>-<\/td><td>Local Storage<\/td><td>Consents collected under TCF stored in TC String format, including TCF vendors, purposes, special purposes, features, and special features. Is only stored until consent is documented on the website server.<\/td><\/tr><tr><td>Essential<\/td><td>real_cookie_banner*-gcm<\/td><td>https:\/\/swissexpert.com.tr\/industrial<\/td><td>Real Cookie Banner<\/td><td>-<\/td><td>Local Storage<\/td><td>Consents collected under Google Consent Mode stored in consent types (purposes) for all Google Consent Mode compatible services. Is only stored until consent is documented on the website server.<\/td><\/tr><tr><td>Essential<\/td><td>real_cookie_banner-consent-queue*<\/td><td>https:\/\/swissexpert.com.tr\/industrial<\/td><td>Real Cookie Banner<\/td><td>-<\/td><td>Local Storage<\/td><td>Local caching of selection in cookie banner until server documents consent; documentation periodic or at page switches attempted if server is unavailable or overloaded.<\/td><\/tr><\/tbody><\/table><p>\u00c7erez politikas\u0131 en son 09 Mart 2026 tarihinde g\u00fcncellenmi\u015ftir.<\/p>\n\n","protected":false},"excerpt":{"rendered":"","protected":false},"author":1,"featured_media":0,"parent":0,"menu_order":0,"comment_status":"closed","ping_status":"closed","template":"","meta":{"googlesitekit_rrm_CAowqsfDDA:productID":"","_uag_custom_page_level_css":"","site-sidebar-layout":"default","site-content-layout":"","ast-site-content-layout":"default","site-content-style":"default","site-sidebar-style":"default","ast-global-header-display":"","ast-banner-title-visibility":"","ast-main-header-display":"","ast-hfb-above-header-display":"","ast-hfb-below-header-display":"","ast-hfb-mobile-header-display":"","site-post-title":"","ast-breadcrumbs-content":"","ast-featured-img":"","footer-sml-layout":"","theme-transparent-header-meta":"","adv-header-id-meta":"","stick-header-meta":"","header-above-stick-meta":"","header-main-stick-meta":"","header-below-stick-meta":"","astra-migrate-meta-layouts":"default","ast-page-background-enabled":"default","ast-page-background-meta":{"desktop":{"background-color":"var(--ast-global-color-5)","background-image":"","background-repeat":"repeat","background-position":"center center","background-size":"auto","background-attachment":"scroll","background-type":"","background-media":"","overlay-type":"","overlay-color":"","overlay-opacity":"","overlay-gradient":""},"tablet":{"background-color":"","background-image":"","background-repeat":"repeat","background-position":"center center","background-size":"auto","background-attachment":"scroll","background-type":"","background-media":"","overlay-type":"","overlay-color":"","overlay-opacity":"","overlay-gradient":""},"mobile":{"background-color":"","background-image":"","background-repeat":"repeat","background-position":"center center","background-size":"auto","background-attachment":"scroll","background-type":"","background-media":"","overlay-type":"","overlay-color":"","overlay-opacity":"","overlay-gradient":""}},"ast-content-background-meta":{"desktop":{"background-color":"var(--ast-global-color-4)","background-image":"","background-repeat":"repeat","background-position":"center center","background-size":"auto","background-attachment":"scroll","background-type":"","background-media":"","overlay-type":"","overlay-color":"","overlay-opacity":"","overlay-gradient":""},"tablet":{"background-color":"var(--ast-global-color-4)","background-image":"","background-repeat":"repeat","background-position":"center center","background-size":"auto","background-attachment":"scroll","background-type":"","background-media":"","overlay-type":"","overlay-color":"","overlay-opacity":"","overlay-gradient":""},"mobile":{"background-color":"var(--ast-global-color-4)","background-image":"","background-repeat":"repeat","background-position":"center center","background-size":"auto","background-attachment":"scroll","background-type":"","background-media":"","overlay-type":"","overlay-color":"","overlay-opacity":"","overlay-gradient":""}},"footnotes":""},"class_list":["post-8240","page","type-page","status-publish","hentry"],"spectra_custom_meta":{"_edit_last":["1"],"_genesis_title":["Gizlilik politikam\u0131z"],"_genesis_description":["Swiss Expert, ki\u015fisel verilerinizi ve ticari bilgilerinizi \u00fcst d\u00fczey g\u00fcvenlik ve uluslararas\u0131 gizlilik standartlar\u0131yla korur. Gizlilik politikam\u0131z\u0131 inceleyin."],"_wpcom_is_markdown":["1"],"_edit_lock":["1764239768:1"],"_uag_css_file_name":["uag-css-8240.css"],"_uag_js_file_name":["uag-js-8240.js"],"_uag_page_assets":["a:9:{s:3:\"css\";s:3290:\".wp-block-uagb-icon svg{width:30px}.uagb-icon-wrapper .uagb-svg-wrapper{transition:box-shadow 0.2s ease}\n .uagb-block-7924c00a.uagb-icon-wrapper{text-align: center;} .uagb-block-7924c00a.uagb-icon-wrapper .uagb-svg-wrapper a{display: contents;} .uagb-block-7924c00a.uagb-icon-wrapper svg{width: 40px;height: 40px;transform: rotate(0deg);box-sizing: content-box;fill: #333;filter: drop-shadow( 0px 0px 0px #00000070 );} .uagb-block-7924c00a.uagb-icon-wrapper .uagb-svg-wrapper{display: inline-flex;padding-top: 5px;padding-right: 5px;padding-bottom: 5px;padding-left: 5px;border-style: default;box-shadow: 0px 0px 0 #00000070 ;} .uagb-block-7924c00a.uagb-icon-wrapper .uagb-svg-wrapper:hover{box-shadow: 0px 0px 0 #00000070 ;} .uagb-block-7924c00a.uagb-icon-wrapper .uagb-svg-wrapper:focus-visible{box-shadow: 0px 0px 0 #00000070 ;}@media only screen and (max-width: 976px) { .uagb-block-7924c00a.uagb-icon-wrapper .uagb-svg-wrapper{display: inline-flex;}}@media only screen and (max-width: 767px) { .uagb-block-7924c00a.uagb-icon-wrapper .uagb-svg-wrapper{display: inline-flex;}}.uag-blocks-common-selector{z-index:var(--z-index-desktop) !important}@media (max-width: 976px){.uag-blocks-common-selector{z-index:var(--z-index-tablet) !important}}@media (max-width: 767px){.uag-blocks-common-selector{z-index:var(--z-index-mobile) !important}}\n .uagb-block-f7d68b03.uagb-icon-wrapper{text-align: center;} .uagb-block-f7d68b03.uagb-icon-wrapper .uagb-svg-wrapper a{display: contents;} .uagb-block-f7d68b03.uagb-icon-wrapper svg{width: 40px;height: 40px;transform: rotate(0deg);box-sizing: content-box;fill: #333;filter: drop-shadow( 0px 0px 0px #00000070 );} .uagb-block-f7d68b03.uagb-icon-wrapper .uagb-svg-wrapper{display: inline-flex;padding-top: 5px;padding-right: 5px;padding-bottom: 5px;padding-left: 5px;border-style: default;box-shadow: 0px 0px 0 #00000070 ;} .uagb-block-f7d68b03.uagb-icon-wrapper .uagb-svg-wrapper:hover{box-shadow: 0px 0px 0 #00000070 ;} .uagb-block-f7d68b03.uagb-icon-wrapper .uagb-svg-wrapper:focus-visible{box-shadow: 0px 0px 0 #00000070 ;}@media only screen and (max-width: 976px) { .uagb-block-f7d68b03.uagb-icon-wrapper .uagb-svg-wrapper{display: inline-flex;}}@media only screen and (max-width: 767px) { .uagb-block-f7d68b03.uagb-icon-wrapper .uagb-svg-wrapper{display: inline-flex;}} .uagb-block-f7d68b03.uagb-icon-wrapper{text-align: center;} .uagb-block-f7d68b03.uagb-icon-wrapper .uagb-svg-wrapper a{display: contents;} .uagb-block-f7d68b03.uagb-icon-wrapper svg{width: 40px;height: 40px;transform: rotate(0deg);box-sizing: content-box;fill: #333;filter: drop-shadow( 0px 0px 0px #00000070 );} .uagb-block-f7d68b03.uagb-icon-wrapper .uagb-svg-wrapper{display: inline-flex;padding-top: 5px;padding-right: 5px;padding-bottom: 5px;padding-left: 5px;border-style: default;box-shadow: 0px 0px 0 #00000070 ;} .uagb-block-f7d68b03.uagb-icon-wrapper .uagb-svg-wrapper:hover{box-shadow: 0px 0px 0 #00000070 ;} .uagb-block-f7d68b03.uagb-icon-wrapper .uagb-svg-wrapper:focus-visible{box-shadow: 0px 0px 0 #00000070 ;}@media only screen and (max-width: 976px) { .uagb-block-f7d68b03.uagb-icon-wrapper .uagb-svg-wrapper{display: inline-flex;}}@media only screen and (max-width: 767px) { .uagb-block-f7d68b03.uagb-icon-wrapper .uagb-svg-wrapper{display: inline-flex;}}\";s:2:\"js\";s:1601:\"document.addEventListener(\"DOMContentLoaded\", function(){ \t\t\t\twindow.addEventListener( 'DOMContentLoaded', () => {\n\t\t\t\t\tconst blockScope = document.querySelector( '.uagb-block-7924c00a' );\n\t\t\t\t\tif ( ! blockScope ) {\n\t\t\t\t\t\treturn;\n\t\t\t\t\t}\n\n\t\t\t\t\tconst anchorElement = blockScope.querySelector('a');\n\t\t\t\t\tif (!anchorElement) {\n\t\t\t\t\t\treturn;\n\t\t\t\t\t} \n\n\t\t\t\t\t \n\t\t\t\t\tblockScope.addEventListener('keydown', (event) => {\n\t\t\t\t\t\tif ( 13 === event.keyCode || 32 === event.keyCode ) {\n\t\t\t\t\t\t\tevent.preventDefault();\n\t\t\t\t\t\t\t \n\t\t\t\t\t\t\tanchorElement.click();\t\n\t\t\t\t\t\t}\n\t\t\t\t\t} );\n\t\t\t\t} );\n\t\t\t\t\t\t\twindow.addEventListener( 'DOMContentLoaded', () => {\n\t\t\t\t\tconst blockScope = document.querySelector( '.uagb-block-f7d68b03' );\n\t\t\t\t\tif ( ! blockScope ) {\n\t\t\t\t\t\treturn;\n\t\t\t\t\t}\n\n\t\t\t\t\tconst anchorElement = blockScope.querySelector('a');\n\t\t\t\t\tif (!anchorElement) {\n\t\t\t\t\t\treturn;\n\t\t\t\t\t} \n\n\t\t\t\t\t \n\t\t\t\t\tblockScope.addEventListener('keydown', (event) => {\n\t\t\t\t\t\tif ( 13 === event.keyCode || 32 === event.keyCode ) {\n\t\t\t\t\t\t\tevent.preventDefault();\n\t\t\t\t\t\t\t \n\t\t\t\t\t\t\tanchorElement.click();\t\n\t\t\t\t\t\t}\n\t\t\t\t\t} );\n\t\t\t\t} );\n\t\t\t\t\t\t\twindow.addEventListener( 'DOMContentLoaded', () => {\n\t\t\t\t\tconst blockScope = document.querySelector( '.uagb-block-f7d68b03' );\n\t\t\t\t\tif ( ! blockScope ) {\n\t\t\t\t\t\treturn;\n\t\t\t\t\t}\n\n\t\t\t\t\tconst anchorElement = blockScope.querySelector('a');\n\t\t\t\t\tif (!anchorElement) {\n\t\t\t\t\t\treturn;\n\t\t\t\t\t} \n\n\t\t\t\t\t \n\t\t\t\t\tblockScope.addEventListener('keydown', (event) => {\n\t\t\t\t\t\tif ( 13 === event.keyCode || 32 === event.keyCode ) {\n\t\t\t\t\t\t\tevent.preventDefault();\n\t\t\t\t\t\t\t \n\t\t\t\t\t\t\tanchorElement.click();\t\n\t\t\t\t\t\t}\n\t\t\t\t\t} );\n\t\t\t\t} );\n\t\t\t });\";s:18:\"current_block_list\";a:5:{i:0;s:9:\"uagb\/icon\";i:1;s:12:\"core\/columns\";i:2;s:11:\"core\/column\";i:3;s:10:\"core\/group\";i:4;s:11:\"core\/search\";}s:8:\"uag_flag\";b:1;s:11:\"uag_version\";s:10:\"1776959501\";s:6:\"gfonts\";a:0:{}s:10:\"gfonts_url\";s:0:\"\";s:12:\"gfonts_files\";a:0:{}s:14:\"uag_faq_layout\";b:0;}"]},"uagb_featured_image_src":{"full":false,"thumbnail":false,"medium":false,"medium_large":false,"large":false,"1536x1536":false,"2048x2048":false},"uagb_author_info":{"display_name":"Swiss","author_link":"https:\/\/swissexpert.com.tr\/industrial\/author\/swiss\/"},"uagb_comment_info":0,"uagb_excerpt":null,"_links":{"self":[{"href":"https:\/\/swissexpert.com.tr\/industrial\/wp-json\/wp\/v2\/pages\/8240","targetHints":{"allow":["GET"]}}],"collection":[{"href":"https:\/\/swissexpert.com.tr\/industrial\/wp-json\/wp\/v2\/pages"}],"about":[{"href":"https:\/\/swissexpert.com.tr\/industrial\/wp-json\/wp\/v2\/types\/page"}],"author":[{"embeddable":true,"href":"https:\/\/swissexpert.com.tr\/industrial\/wp-json\/wp\/v2\/users\/1"}],"replies":[{"embeddable":true,"href":"https:\/\/swissexpert.com.tr\/industrial\/wp-json\/wp\/v2\/comments?post=8240"}],"version-history":[{"count":0,"href":"https:\/\/swissexpert.com.tr\/industrial\/wp-json\/wp\/v2\/pages\/8240\/revisions"}],"wp:attachment":[{"href":"https:\/\/swissexpert.com.tr\/industrial\/wp-json\/wp\/v2\/media?parent=8240"}],"curies":[{"name":"wp","href":"https:\/\/api.w.org\/{rel}","templated":true}]}}